{"id":41,"date":"2014-10-02T13:32:47","date_gmt":"2014-10-02T13:32:47","guid":{"rendered":"https:\/\/pepe-neuhaus.ch\/wordpress\/?page_id=41"},"modified":"2025-01-06T14:11:26","modified_gmt":"2025-01-06T13:11:26","slug":"swisscom-tv","status":"publish","type":"page","link":"https:\/\/pepe-neuhaus.ch\/wordpress\/swisscom-tv\/","title":{"rendered":"swisscom blue tv"},"content":{"rendered":"\n<figure class=\"wp-block-image size-full\"><a href=\"https:\/\/i0.wp.com\/pepe-neuhaus.ch\/wordpress\/wp-content\/uploads\/2022\/05\/blue.jpg?ssl=1\"><img data-recalc-dims=\"1\" loading=\"lazy\" decoding=\"async\" width=\"640\" height=\"362\" src=\"https:\/\/i0.wp.com\/pepe-neuhaus.ch\/wordpress\/wp-content\/uploads\/2022\/05\/blue.jpg?resize=640%2C362&#038;ssl=1\" alt=\"\" class=\"wp-image-2089\" srcset=\"https:\/\/i0.wp.com\/pepe-neuhaus.ch\/wordpress\/wp-content\/uploads\/2022\/05\/blue.jpg?w=899&amp;ssl=1 899w, https:\/\/i0.wp.com\/pepe-neuhaus.ch\/wordpress\/wp-content\/uploads\/2022\/05\/blue.jpg?resize=300%2C170&amp;ssl=1 300w, https:\/\/i0.wp.com\/pepe-neuhaus.ch\/wordpress\/wp-content\/uploads\/2022\/05\/blue.jpg?resize=768%2C435&amp;ssl=1 768w\" sizes=\"auto, (max-width: 640px) 100vw, 640px\" \/><\/a><\/figure>\n\n\n<div class=\"typography parbase section\">\n<div class=\"sdx-container\">\n<div class=\"modTypography typography id-954e0f1d-54bd-45d7-9d1d-d524d33c92f3 transparent\n\t\t\t\t\t\n\t\t\t\t\t center\n\t\t\t\t\t\"><\/p>\n<p>Entrez dan<a href=\"https:\/\/i0.wp.com\/pepe-neuhaus.ch\/wordpress\/wp-content\/uploads\/2020\/10\/swtv.jpg?ssl=1\"><img data-recalc-dims=\"1\" loading=\"lazy\" decoding=\"async\" class=\"wp-image-1226 alignleft\" src=\"https:\/\/i0.wp.com\/pepe-neuhaus.ch\/wordpress\/wp-content\/uploads\/2020\/10\/swtv.jpg?resize=458%2C305&#038;ssl=1\" alt=\"\" width=\"458\" height=\"305\" srcset=\"https:\/\/i0.wp.com\/pepe-neuhaus.ch\/wordpress\/wp-content\/uploads\/2020\/10\/swtv.jpg?w=985&amp;ssl=1 985w, https:\/\/i0.wp.com\/pepe-neuhaus.ch\/wordpress\/wp-content\/uploads\/2020\/10\/swtv.jpg?resize=300%2C200&amp;ssl=1 300w, https:\/\/i0.wp.com\/pepe-neuhaus.ch\/wordpress\/wp-content\/uploads\/2020\/10\/swtv.jpg?resize=768%2C512&amp;ssl=1 768w, https:\/\/i0.wp.com\/pepe-neuhaus.ch\/wordpress\/wp-content\/uploads\/2020\/10\/swtv.jpg?resize=600%2C400&amp;ssl=1 600w\" sizes=\"auto, (max-width: 458px) 100vw, 458px\" \/><\/a>s le nouvel univers blue! Celui-ci regroupe notre offre de divertissement compl\u00e8te. Avec inOne home et la Swisscom Box, incluant le Voice Assistant et les apps int\u00e9gr\u00e9es, vous \u00eates pr\u00eats pour la meilleure exp\u00e9rience TV.<\/p>\n<div class=\"modLayoutcontainer emo--collapsible__nav--item\">\n<div class=\"typography parbase section\">\n<div class=\"sdx-container\">\n<div class=\"modTypography typography id-fb8f258e-141d-475d-b2b7-7b60837f5a66 transparent\n\t\t\t\t\t\n\t\t\t\t\tsc-white left\n\t\t\t\t\t\"><\/p>\n<\/div>\n<\/div>\n<\/div>\n<\/div>\n<\/div>\n<\/div>\n<\/div>\n<div class=\"modLayoutcontainer emo--collapsible__nav--item\">\n<div class=\"typography parbase section\">\n<div class=\"sdx-container\">\n<div class=\"modTypography typography id-fb8f258e-141d-475d-b2b7-7b60837f5a66 transparent\n\t\t\t\t\t\n\t\t\t\t\tsc-white left\n\t\t\t\t\t\"><\/p>\n<h2>\u00a0<\/h2>\n<h2>Tout d\u2019un seul coup d\u2019\u0153il<\/h2>\n<\/div>\n<\/div>\n<\/div>\n<div class=\"modLayoutcontainer \">\n<div class=\"typography parbase section\">\n<div class=\"sdx-container\">\n<div class=\"modTypography typography id-481c016e-24b0-457a-bca6-82b34486690d transparent\n\t\t\t\t\t\n\t\t\t\t\tsc-white left\n\t\t\t\t\t\"><\/p>\n<p>Retrouvez rapidement ce qui vous int\u00e9resse sur votre \u00e9cran d\u2019accueil personnalis\u00e9.<\/p>\n<\/div>\n<\/div>\n<\/div>\n<\/div>\n<\/div>\n<div class=\"typography parbase section\">\n<div class=\"sdx-container\">\n<div class=\"modTypography typography id-5cc3b0f9-0a0f-4a8b-be22-567ef64599c4 transparent\n\t\t\t\t\t\n\t\t\t\t\tsc-white left\n\t\t\t\t\t\"><\/p>\n<h3>Netflix, Sky et Amazon Prime int\u00e9gr\u00e9s<\/h3>\n<\/div>\n<\/div>\n<\/div>\n<div class=\"lcPar parsys section\">\n<div class=\"modLayoutcontainer \">\n<div class=\"typography parbase section\">\n<div class=\"sdx-container\">\n<div class=\"modTypography typography id-61ddefde-4f86-4887-97a5-21ea90d511fd transparent\n\t\t\t\t\t\n\t\t\t\t\tsc-white left\n\t\t\t\t\t\"><\/p>\n<p>Les contenus de vos apps pr\u00e9f\u00e9r\u00e9es sont \u00e9galement int\u00e9gr\u00e9s \u00e0 votre \u00e9cran d\u2019accueil.<\/p>\n<\/div>\n<\/div>\n<\/div>\n<\/div>\n<\/div>\n<div class=\"typography parbase section\">\n<div class=\"sdx-container\">\n<div class=\"modTypography typography id-3a13b74b-1280-4d30-b08b-b927833e4b92 transparent\n\t\t\t\t\t\n\t\t\t\t\tsc-white left\n\t\t\t\t\t\"><\/p>\n<h3>Recommandations de la r\u00e9daction blue<\/h3>\n<\/div>\n<\/div>\n<\/div>\n<div class=\"lcPar parsys section\">\n<div class=\"modLayoutcontainer \">\n<div class=\"typography parbase section\">\n<div class=\"sdx-container\">\n<div class=\"modTypography typography id-3f7a3c6d-9148-49a3-9c2a-1f88ed2ffed0 transparent\n\t\t\t\t\t\n\t\t\t\t\tsc-white left\n\t\t\t\t\t\"><\/p>\n<p>Laissez-vous inspirer par les conseils, les dossiers et les Actorpages.<\/p>\n<\/div>\n<\/div>\n<\/div>\n<\/div>\n<\/div>\n<div class=\"typography parbase section\">\n<div class=\"sdx-container\">\n<div class=\"modTypography typography id-9d81bde8-0579-48be-83d5-762b833c94a6 transparent\n\t\t\t\t\t\n\t\t\t\t\tsc-white left\n\t\t\t\t\t\"><\/p>\n<h3>Univers th\u00e9matiques et cat\u00e9gories sportives<\/h3>\n<\/div>\n<\/div>\n<\/div>\n<div class=\"lcPar parsys section\">\n<div class=\"modLayoutcontainer \">\n<div class=\"typography parbase section\">\n<div class=\"sdx-container\">\n<div class=\"modTypography typography id-2379d2bc-25bc-4aa2-a87a-a3ba79d9e9b9 transparent\n\t\t\t\t\t\n\t\t\t\t\tsc-white left\n\t\t\t\t\t\"><\/p>\n<p>Tout ce dont vous avez envie \u00e0 port\u00e9e de main et d\u2019un seul coup d\u2019\u0153il.<\/p>\n<\/div>\n<\/div>\n<\/div>\n<\/div>\n<\/div>\n<div class=\"typography parbase section\">\n<div class=\"sdx-container\">\n<div class=\"modTypography typography id-35cb0117-e7d0-4e45-a85a-697d2f753ace transparent\n\t\t\t\t\t\n\t\t\t\t\tsc-white left\n\t\t\t\t\t\"><\/p>\n<h3>Replay, enregistrements et vid\u00e9os \u00e0 la demande<\/h3>\n<\/div>\n<\/div>\n<\/div>\n<div class=\"lcPar parsys section\">\n<div class=\"modLayoutcontainer \">\n<div class=\"typography parbase section\">\n<div class=\"sdx-container\">\n<div class=\"modTypography typography id-fa1660aa-a9c5-42fe-88c7-47988c4b3ba8 transparent\n\t\t\t\t\t\n\t\t\t\t\tsc-white left\n\t\t\t\t\t\"><\/p>\n<p>Regardez vos contenus quand vous le voulez, ignorez la publicit\u00e9 et passez directement \u00e0 l\u2019\u00e9pisode suivant.<\/p>\n<\/div>\n<\/div>\n<\/div>\n<\/div>\n<\/div>\n<div class=\"modLayoutcontainer emo--collapsible__nav--item\">\n<div class=\"typography parbase section\">\n<div class=\"sdx-container\">\n<div class=\"modTypography typography id-cb0a7877-79df-4b3a-83c3-550a20d1ffc8 transparent\n\t\t\t\t\t\n\t\t\t\t\tsc-white left\n\t\t\t\t\t\"><\/p>\n<p>Gaming, musique, Smart Home<\/p>\n<\/div>\n<\/div>\n<\/div>\n<\/div>\n\n<div class=\"wp-block-image\">\n<figure class=\"aligncenter size-full\"><a href=\"https:\/\/i0.wp.com\/pepe-neuhaus.ch\/wordpress\/wp-content\/uploads\/2024\/08\/swisscom-08.jpg?ssl=1\"><img data-recalc-dims=\"1\" decoding=\"async\" src=\"https:\/\/i0.wp.com\/pepe-neuhaus.ch\/wordpress\/wp-content\/uploads\/2024\/08\/swisscom-08.jpg?w=640&#038;ssl=1\" alt=\"\" class=\"wp-image-3379\"\/><\/a><\/figure>\n<\/div>","protected":false},"excerpt":{"rendered":"<p>Entrez dans le nouvel univers blue! Celui-ci regroupe notre offre de divertissement compl\u00e8te. Avec inOne home et la Swisscom Box, incluant le Voice Assistant et les apps int\u00e9gr\u00e9es, vous \u00eates pr\u00eats pour la meilleure exp\u00e9rience TV. \u00a0 Tout d\u2019un seul coup d\u2019\u0153il Retrouvez rapidement ce qui vous int\u00e9resse sur votre \u00e9cran d\u2019accueil personnalis\u00e9. Netflix, Sky<br \/><a class=\"btn btn-theme post-btn\" href=\"https:\/\/pepe-neuhaus.ch\/wordpress\/swisscom-tv\/\">Read More<\/a><\/p>\n","protected":false},"author":1,"featured_media":0,"parent":0,"menu_order":0,"comment_status":"closed","ping_status":"closed","template":"","meta":{"jetpack_post_was_ever_published":false,"footnotes":""},"class_list":["post-41","page","type-page","status-publish","hentry"],"jetpack_sharing_enabled":true,"_links":{"self":[{"href":"https:\/\/pepe-neuhaus.ch\/wordpress\/wp-json\/wp\/v2\/pages\/41","targetHints":{"allow":["GET"]}}],"collection":[{"href":"https:\/\/pepe-neuhaus.ch\/wordpress\/wp-json\/wp\/v2\/pages"}],"about":[{"href":"https:\/\/pepe-neuhaus.ch\/wordpress\/wp-json\/wp\/v2\/types\/page"}],"author":[{"embeddable":true,"href":"https:\/\/pepe-neuhaus.ch\/wordpress\/wp-json\/wp\/v2\/users\/1"}],"replies":[{"embeddable":true,"href":"https:\/\/pepe-neuhaus.ch\/wordpress\/wp-json\/wp\/v2\/comments?post=41"}],"version-history":[{"count":16,"href":"https:\/\/pepe-neuhaus.ch\/wordpress\/wp-json\/wp\/v2\/pages\/41\/revisions"}],"predecessor-version":[{"id":3619,"href":"https:\/\/pepe-neuhaus.ch\/wordpress\/wp-json\/wp\/v2\/pages\/41\/revisions\/3619"}],"wp:attachment":[{"href":"https:\/\/pepe-neuhaus.ch\/wordpress\/wp-json\/wp\/v2\/media?parent=41"}],"curies":[{"name":"wp","href":"https:\/\/api.w.org\/{rel}","templated":true}]}}